{"id":1039,"date":"2024-09-24T11:41:55","date_gmt":"2024-09-24T09:41:55","guid":{"rendered":"https:\/\/vincdebosc.com\/?page_id=1039"},"modified":"2024-09-24T12:46:41","modified_gmt":"2024-09-24T10:46:41","slug":"politica-de-cookies","status":"publish","type":"page","link":"https:\/\/vincdebosc.com\/es\/politica-de-cookies\/","title":{"rendered":"Pol\u00edtica de cookies"},"content":{"rendered":"<div data-elementor-type=\"wp-page\" data-elementor-id=\"1039\" class=\"elementor elementor-1039\">\n\t\t\t\t\t\t<section class=\"elementor-section elementor-top-section elementor-element elementor-element-90691f7 qode_elementor_container_inner elementor-section-boxed elementor-section-height-default elementor-section-height-default parallax_section_no\" data-id=\"90691f7\" data-element_type=\"section\" data-e-type=\"section\">\n\t\t\t\t\t\t<div class=\"elementor-container elementor-column-gap-default\">\n\t\t\t\t\t<div class=\"elementor-column elementor-col-100 elementor-top-column elementor-element elementor-element-b66d42a\" data-id=\"b66d42a\" data-element_type=\"column\" data-e-type=\"column\">\n\t\t\t<div class=\"elementor-widget-wrap elementor-element-populated\">\n\t\t\t\t\t\t<div class=\"elementor-element elementor-element-029bac4 elementor-widget elementor-widget-text-editor\" data-id=\"029bac4\" data-element_type=\"widget\" data-e-type=\"widget\" data-widget_type=\"text-editor.default\">\n\t\t\t\t<div class=\"elementor-widget-container\">\n\t\t\t\t\t\t\t\t\t<h4>Pol\u00edtica de cookies de vincdebosc.com<\/h4><p>\u00a0<\/p><p>En <a href=\"https:\/\/vincdebosc.com\/es\/\">vincdebosc.com<\/a> utilizamos cookies con el objetivo de prestarle un mejor servicio y proporcionarte una mejor experiencia en tu navegaci\u00f3n. Queremos informarte de forma clara y precisa sobre las cookies que utilizamos, detallando a continuaci\u00f3n, que es una cookie, para que sirve, qu\u00e9 tipos de cookies utilizamos, cu\u00e1les son su finalidad y c\u00f3mo puedes configurarlas o deshabilitarlas si as\u00ed lo deseas.<\/p><h5>\u00a0<\/h5><h4>\u00bfQu\u00e9 es una cookie y para qu\u00e9 sirve?<\/h4><p>Una \u201cCookie\u201d es un peque\u00f1o archivo que se almacena en el ordenador del usuario, tableta, smartphone o cualquier otro dispositivo con informaci\u00f3n sobre la navegaci\u00f3n. El conjunto de cookies de todos nuestros usuarios nos ayuda a mejorar la calidad de nuestra web, permitiendo controlar qu\u00e9 p\u00e1ginas son \u00fatiles, cu\u00e1les no y cu\u00e1les son susceptibles de mejora. Las cookies son esenciales para el funcionamiento de internet, aportando innumerables ventajas en la prestaci\u00f3n de servicios interactivos, facilit\u00e1ndote la navegaci\u00f3n y usabilidad de nuestra web. En ning\u00fan caso las cookies podr\u00edan da\u00f1ar a tu equipo. Por el contrario, lo que est\u00e9n activas nos ayuda a identificar y resolver errores.<\/p><h5>\u00a0<\/h5><h4>\u00bfQu\u00e9 tipos de cookies utilizamos?<\/h4><h6>\u00a0<\/h6><h6><strong>Seg\u00fan la entidad que la gestiona:<\/strong><\/h6><p>\u2022 <strong>Cookies propias:<\/strong> Son aqu\u00e9llas que se env\u00edan a tu equipo desde nuestros propios equipos o dominios y desde el que prestamos el servicio que nos solicitas.<\/p><p>\u2022 <strong>Cookies<\/strong><strong>\u00a0de terceros:<\/strong> Son aqu\u00e9llas que se env\u00edan a tu equipo desde un equipo o dominio que no es gestionado por nosotros, sino por otra entidad colaboradora. Como, por ejemplo, las utilizadas por redes sociales, o por contenido externo como Google Maps.<\/p><h6>\u00a0<\/h6><h6><strong>Seg\u00fan el plazo de tiempo que permanecen activadas:<\/strong><\/h6><p>\u2022 <strong>Cookies de sesi\u00f3n:<\/strong> Son cookies temporales que permanecen en el archivo de cookies de tu navegador hasta que abandonas la p\u00e1gina web, por lo que ninguna queda registrada en el disco duro de tu ordenador. La informaci\u00f3n obtenida por medio de estas cookies sirven para analizar pautas de tr\u00e1fico en la web. A la larga, esto nos permite proporcionar una mejor experiencia para mejorar su contenido y facilitar su uso.<\/p><p>\u2022 <strong>Cookies persistentes:<\/strong> son almacenadas en el disco duro y nuestra web las lee cada vez que realizas una nueva visita. Una web permanente tiene una fecha de expiraci\u00f3n determinada. La cookie dejar\u00e1 de funcionar despu\u00e9s de esa fecha. Estas cookies las utilizamos, por lo general, para facilitar los servicios de compra y registro.<\/p><h6>\u00a0<\/h6><h6><strong>Seg\u00fan la finalidad:<\/strong><\/h6><p>\u2022 <strong>Cookies t\u00e9cnicas:<\/strong> Son aquellas necesarias para la navegaci\u00f3n y buen funcionamiento de nuestra p\u00e1gina web. Permiten, por ejemplo, controlar el tr\u00e1fico y la comunicaci\u00f3n de datos, acceder a partes de acceso restringido, realizar el proceso de compra de un pedido, utilizar elementos de seguridad, almacenar contenidos para poder difundir v\u00eddeos o compartir contenidos a trav\u00e9s de redes sociales.<\/p><p>\u2022 <strong>Cookies de personalizaci\u00f3n:<\/strong> Son aquellas que te permiten acceder al servicio con unas caracter\u00edsticas predefinidas en funci\u00f3n de una serie de criterios, como el idioma, el tipo de navegador a trav\u00e9s del cual se accede al servicio, la configuraci\u00f3n regional desde la que se accede al servicio, etc.<\/p><p>\u2022 <strong>Cookies de an\u00e1lisis:<\/strong> Son aquellas que nos permiten cuantificar el n\u00famero de usuarios y as\u00ed realizar la medici\u00f3n y el an\u00e1lisis estad\u00edstico de la utilizaci\u00f3n que hacen los usuarios de los servicios prestados. Por eso se analiza su navegaci\u00f3n en nuestra p\u00e1gina web para mejorar la oferta de productos y servicios que ofrecemos.<\/p><p>\u2022 <strong>Cookies publicitarias:<\/strong> Son aquellas que permiten la gesti\u00f3n, de la forma m\u00e1s eficaz posible, de los espacios publicitarios que se pudieran incluir en nuestra p\u00e1gina web. \u2013 Cookies de publicidad comportamental: Estas cookies almacenan informaci\u00f3n del comportamiento de los usuarios obtenida a trav\u00e9s de la observaci\u00f3n continua. Gracias a ellas, podemos conocer los h\u00e1bitos de navegaci\u00f3n en internet y mostrarle publicidad relacionada con tu perfil de navegaci\u00f3n.<\/p><h4>\u00a0<\/h4><h4>\u00bfC\u00f3mo puedes configurar o deshabilitar las cookies?<\/h4><p>Puede permitir, bloquear o eliminar las cookies instaladas en su equipo mediante la configuraci\u00f3n de las opciones de su navegador de Internet. En caso de que no permitas la instalaci\u00f3n de cookies en tu navegador, es posible que no puedas acceder a algunos de los servicios y que tu experiencia en nuestra web pueda resultar menos satisfactoria.<\/p><p>En los siguientes enlaces tienes a tu disposici\u00f3n toda la informaci\u00f3n para configurar o deshabilitar tus cookies en cada navegador:<\/p><ul><li><a href=\"http:\/\/support.google.com\/chrome\/answer\/95647?hl=es\">Google Chrome<\/a><\/li><li><a href=\"http:\/\/support.mozilla.org\/es\/kb\/habilitar-y-deshabilitar-cookies-que-los-sitios-we\">Mozilla Firefox<\/a><\/li><li><a href=\"http:\/\/windows.microsoft.com\/es-es\/windows-vista\/block-or-allow-cookies\">Internet Explorer<\/a><\/li><li><a href=\"http:\/\/support.apple.com\/kb\/ph5042?viewlocale=es_es\">Safari<\/a><\/li><li><a href=\"http:\/\/support.apple.com\/kb\/ht1677?viewlocale=es_es\">Safari para IOS<\/a> (iPhone y iPad)<\/li><li><a href=\"http:\/\/support.google.com\/chrome\/answer\/2392971?hl=es\">Chrome para Android<\/a><\/li><\/ul><h5>\u00a0<\/h5><h4>Consentimiento<\/h4><p>En <a href=\"https:\/\/vincdebosc.com\/es\/\">vincdebosc.com<\/a> nunca guardamos los datos personales de nuestros usuarios, a excepci\u00f3n de la direcci\u00f3n IP de acuerdo con lo descrito anteriormente, excepto aquellos que se aportan en el momento del registro y con las finalidades expuestas en el Aviso Legal y la Pol\u00edtica de Privacidad.<\/p><p>Al navegar y continuar en nuestra web nos indicas que est\u00e1s consintiendo el uso de las cookies antes enunciadas, y en las condiciones contenidas en la presente Pol\u00edtica de Cookies.<\/p>\t\t\t\t\t\t\t\t<\/div>\n\t\t\t\t<\/div>\n\t\t\t\t\t<\/div>\n\t\t<\/div>\n\t\t\t\t\t<\/div>\n\t\t<\/section>\n\t\t\t\t<section class=\"elementor-section elementor-top-section elementor-element elementor-element-f3260a7 elementor-section-full_width elementor-section-height-default elementor-section-height-default parallax_section_no qode_elementor_container_no\" data-id=\"f3260a7\" data-element_type=\"section\" data-e-type=\"section\" data-settings=\"{&quot;background_background&quot;:&quot;classic&quot;}\">\n\t\t\t\t\t\t<div class=\"elementor-container elementor-column-gap-default\">\n\t\t\t\t\t<div class=\"elementor-column elementor-col-100 elementor-top-column elementor-element elementor-element-fd508f9\" data-id=\"fd508f9\" data-element_type=\"column\" data-e-type=\"column\">\n\t\t\t<div class=\"elementor-widget-wrap elementor-element-populated\">\n\t\t\t\t\t\t<section class=\"elementor-section elementor-inner-section elementor-element elementor-element-81ae591 elementor-section-full_width qode_elementor_container_inner elementor-section-height-default elementor-section-height-default parallax_section_no\" data-id=\"81ae591\" data-element_type=\"section\" data-e-type=\"section\">\n\t\t\t\t\t\t<div class=\"elementor-container elementor-column-gap-default\">\n\t\t\t\t\t<div class=\"elementor-column elementor-col-100 elementor-inner-column elementor-element elementor-element-ad8a57a\" data-id=\"ad8a57a\" data-element_type=\"column\" data-e-type=\"column\">\n\t\t\t<div class=\"elementor-widget-wrap elementor-element-populated\">\n\t\t\t\t\t\t<div class=\"elementor-element elementor-element-d79e17f elementor-widget elementor-widget-image\" data-id=\"d79e17f\" data-element_type=\"widget\" data-e-type=\"widget\" data-widget_type=\"image.default\">\n\t\t\t\t<div class=\"elementor-widget-container\">\n\t\t\t\t\t\t\t\t\t\t\t\t\t\t\t<img decoding=\"async\" width=\"1\" height=\"1\" src=\"https:\/\/vincdebosc.com\/wp-content\/uploads\/2024\/09\/Frase_Vinc-de-Bosc.svg\" class=\"attachment-full size-full wp-image-829\" alt=\"Eslogan Vincdebosc\" \/>\t\t\t\t\t\t\t\t\t\t\t\t\t\t\t<\/div>\n\t\t\t\t<\/div>\n\t\t\t\t<div class=\"elementor-element elementor-element-fda4950 elementor-widget elementor-widget-image\" data-id=\"fda4950\" data-element_type=\"widget\" data-e-type=\"widget\" data-widget_type=\"image.default\">\n\t\t\t\t<div class=\"elementor-widget-container\">\n\t\t\t\t\t\t\t\t\t\t\t\t\t\t\t<img decoding=\"async\" width=\"1\" height=\"1\" src=\"https:\/\/vincdebosc.com\/wp-content\/uploads\/2024\/09\/Logo_Vinc-de-Bosc-sense-frase.svg\" class=\"attachment-full size-full wp-image-830\" alt=\"Logo Vincdebosc\" \/>\t\t\t\t\t\t\t\t\t\t\t\t\t\t\t<\/div>\n\t\t\t\t<\/div>\n\t\t\t\t<div class=\"elementor-element elementor-element-5a0414e elementor-widget elementor-widget-spacer\" data-id=\"5a0414e\" data-element_type=\"widget\" data-e-type=\"widget\" data-widget_type=\"spacer.default\">\n\t\t\t\t<div class=\"elementor-widget-container\">\n\t\t\t\t\t\t\t<div class=\"elementor-spacer\">\n\t\t\t<div class=\"elementor-spacer-inner\"><\/div>\n\t\t<\/div>\n\t\t\t\t\t\t<\/div>\n\t\t\t\t<\/div>\n\t\t\t\t\t<\/div>\n\t\t<\/div>\n\t\t\t\t\t<\/div>\n\t\t<\/section>\n\t\t\t\t\t<\/div>\n\t\t<\/div>\n\t\t\t\t\t<\/div>\n\t\t<\/section>\n\t\t\t\t<\/div>","protected":false},"excerpt":{"rendered":"<p>Pol\u00edtica de cookies de vincdebosc.com \u00a0 A vincdebosc.com utilitzem cookies amb l&#8217;objectiu de prestar un millor servei i proporcionar-te una millor experi\u00e8ncia en la teva navegaci\u00f3. Volem informar-te de manera clara i precisa sobre les cookies que utilitzem, detallant a continuaci\u00f3, que \u00e9s una cookie, perqu\u00e8 serveix, quins tipus de cookies utilitzem, quines s\u00f3n la seva finalitat i com pots configurar-les o deshabilitar-les si aix\u00ed ho desitges. \u00a0 Qu\u00e8 \u00e9s una cookie i per a qu\u00e8 serveix? Una \u201cCookie\u201d \u00e9s un petit fitxer que s&#8217;emmagatzema a l&#8217;ordinador de l&#8217;usuari, tauleta, smartphone o qualsevol altre dispositiu amb informaci\u00f3 sobre la navegaci\u00f3&#8230;.<\/p>","protected":false},"author":1,"featured_media":0,"parent":0,"menu_order":0,"comment_status":"closed","ping_status":"closed","template":"full_width.php","meta":{"inline_featured_image":false,"footnotes":""},"class_list":["post-1039","page","type-page","status-publish","hentry"],"yoast_head":"<!-- This site is optimized with the Yoast SEO plugin v27.2 - https:\/\/yoast.com\/product\/yoast-seo-wordpress\/ -->\n<title>Pol\u00edtica de cookies - Vincdebosc<\/title>\n<meta name=\"robots\" content=\"index, follow, max-snippet:-1, max-image-preview:large, max-video-preview:-1\" \/>\n<link rel=\"canonical\" href=\"https:\/\/vincdebosc.com\/es\/politica-de-cookies\/\" \/>\n<meta property=\"og:locale\" content=\"es_ES\" \/>\n<meta property=\"og:type\" content=\"article\" \/>\n<meta property=\"og:title\" content=\"Pol\u00edtica de cookies - Vincdebosc\" \/>\n<meta property=\"og:description\" content=\"Pol\u00edtica de cookies de vincdebosc.com \u00a0 A vincdebosc.com utilitzem cookies amb l&#8217;objectiu de prestar un millor servei i proporcionar-te una millor experi\u00e8ncia en la teva navegaci\u00f3. Volem informar-te de manera clara i precisa sobre les cookies que utilitzem, detallant a continuaci\u00f3, que \u00e9s una cookie, perqu\u00e8 serveix, quins tipus de cookies utilitzem, quines s\u00f3n la seva finalitat i com pots configurar-les o deshabilitar-les si aix\u00ed ho desitges. \u00a0 Qu\u00e8 \u00e9s una cookie i per a qu\u00e8 serveix? Una \u201cCookie\u201d \u00e9s un petit fitxer que s&#8217;emmagatzema a l&#8217;ordinador de l&#8217;usuari, tauleta, smartphone o qualsevol altre dispositiu amb informaci\u00f3 sobre la navegaci\u00f3....\" \/>\n<meta property=\"og:url\" content=\"https:\/\/vincdebosc.com\/es\/politica-de-cookies\/\" \/>\n<meta property=\"og:site_name\" content=\"Vincdebosc\" \/>\n<meta property=\"article:modified_time\" content=\"2024-09-24T10:46:41+00:00\" \/>\n<meta property=\"og:image\" content=\"https:\/\/vincdebosc.com\/wp-content\/uploads\/2024\/09\/Frase_Vinc-de-Bosc.svg\" \/>\n<meta name=\"twitter:card\" content=\"summary_large_image\" \/>\n<meta name=\"twitter:label1\" content=\"Tiempo de lectura\" \/>\n\t<meta name=\"twitter:data1\" content=\"4 minutos\" \/>\n<script type=\"application\/ld+json\" class=\"yoast-schema-graph\">{\"@context\":\"https:\/\/schema.org\",\"@graph\":[{\"@type\":\"WebPage\",\"@id\":\"https:\/\/vincdebosc.com\/politica-de-cookies\/\",\"url\":\"https:\/\/vincdebosc.com\/politica-de-cookies\/\",\"name\":\"Pol\u00edtica de cookies - Vincdebosc\",\"isPartOf\":{\"@id\":\"https:\/\/vincdebosc.com\/#website\"},\"primaryImageOfPage\":{\"@id\":\"https:\/\/vincdebosc.com\/politica-de-cookies\/#primaryimage\"},\"image\":{\"@id\":\"https:\/\/vincdebosc.com\/politica-de-cookies\/#primaryimage\"},\"thumbnailUrl\":\"https:\/\/vincdebosc.com\/wp-content\/uploads\/2024\/09\/Frase_Vinc-de-Bosc.svg\",\"datePublished\":\"2024-09-24T09:41:55+00:00\",\"dateModified\":\"2024-09-24T10:46:41+00:00\",\"breadcrumb\":{\"@id\":\"https:\/\/vincdebosc.com\/politica-de-cookies\/#breadcrumb\"},\"inLanguage\":\"es\",\"potentialAction\":[{\"@type\":\"ReadAction\",\"target\":[\"https:\/\/vincdebosc.com\/politica-de-cookies\/\"]}]},{\"@type\":\"ImageObject\",\"inLanguage\":\"es\",\"@id\":\"https:\/\/vincdebosc.com\/politica-de-cookies\/#primaryimage\",\"url\":\"https:\/\/vincdebosc.com\/wp-content\/uploads\/2024\/09\/Frase_Vinc-de-Bosc.svg\",\"contentUrl\":\"https:\/\/vincdebosc.com\/wp-content\/uploads\/2024\/09\/Frase_Vinc-de-Bosc.svg\"},{\"@type\":\"BreadcrumbList\",\"@id\":\"https:\/\/vincdebosc.com\/politica-de-cookies\/#breadcrumb\",\"itemListElement\":[{\"@type\":\"ListItem\",\"position\":1,\"name\":\"Inici\",\"item\":\"https:\/\/vincdebosc.com\/\"},{\"@type\":\"ListItem\",\"position\":2,\"name\":\"Pol\u00edtica de cookies\"}]},{\"@type\":\"WebSite\",\"@id\":\"https:\/\/vincdebosc.com\/#website\",\"url\":\"https:\/\/vincdebosc.com\/\",\"name\":\"Vincdebosc\",\"description\":\"Juguem en gran\",\"publisher\":{\"@id\":\"https:\/\/vincdebosc.com\/#\/schema\/person\/5eff37ac46d4e0ea41773e02420dc449\"},\"potentialAction\":[{\"@type\":\"SearchAction\",\"target\":{\"@type\":\"EntryPoint\",\"urlTemplate\":\"https:\/\/vincdebosc.com\/?s={search_term_string}\"},\"query-input\":{\"@type\":\"PropertyValueSpecification\",\"valueRequired\":true,\"valueName\":\"search_term_string\"}}],\"inLanguage\":\"es\"},{\"@type\":[\"Person\",\"Organization\"],\"@id\":\"https:\/\/vincdebosc.com\/#\/schema\/person\/5eff37ac46d4e0ea41773e02420dc449\",\"name\":\"tgd\",\"image\":{\"@type\":\"ImageObject\",\"inLanguage\":\"es\",\"@id\":\"https:\/\/vincdebosc.com\/wp-content\/uploads\/2024\/09\/logo_p-color.svg\",\"url\":\"https:\/\/vincdebosc.com\/wp-content\/uploads\/2024\/09\/logo_p-color.svg\",\"contentUrl\":\"https:\/\/vincdebosc.com\/wp-content\/uploads\/2024\/09\/logo_p-color.svg\",\"width\":\"1024\",\"height\":\"1024\",\"caption\":\"tgd\"},\"logo\":{\"@id\":\"https:\/\/vincdebosc.com\/wp-content\/uploads\/2024\/09\/logo_p-color.svg\"},\"sameAs\":[\"http:\/\/vincdebosc.com\"]}]}<\/script>\n<!-- \/ Yoast SEO plugin. -->","yoast_head_json":{"title":"Pol\u00edtica de cookies - Vincdebosc","robots":{"index":"index","follow":"follow","max-snippet":"max-snippet:-1","max-image-preview":"max-image-preview:large","max-video-preview":"max-video-preview:-1"},"canonical":"https:\/\/vincdebosc.com\/es\/politica-de-cookies\/","og_locale":"es_ES","og_type":"article","og_title":"Pol\u00edtica de cookies - Vincdebosc","og_description":"Pol\u00edtica de cookies de vincdebosc.com \u00a0 A vincdebosc.com utilitzem cookies amb l&#8217;objectiu de prestar un millor servei i proporcionar-te una millor experi\u00e8ncia en la teva navegaci\u00f3. Volem informar-te de manera clara i precisa sobre les cookies que utilitzem, detallant a continuaci\u00f3, que \u00e9s una cookie, perqu\u00e8 serveix, quins tipus de cookies utilitzem, quines s\u00f3n la seva finalitat i com pots configurar-les o deshabilitar-les si aix\u00ed ho desitges. \u00a0 Qu\u00e8 \u00e9s una cookie i per a qu\u00e8 serveix? Una \u201cCookie\u201d \u00e9s un petit fitxer que s&#8217;emmagatzema a l&#8217;ordinador de l&#8217;usuari, tauleta, smartphone o qualsevol altre dispositiu amb informaci\u00f3 sobre la navegaci\u00f3....","og_url":"https:\/\/vincdebosc.com\/es\/politica-de-cookies\/","og_site_name":"Vincdebosc","article_modified_time":"2024-09-24T10:46:41+00:00","og_image":[{"url":"https:\/\/vincdebosc.com\/wp-content\/uploads\/2024\/09\/Frase_Vinc-de-Bosc.svg","type":"","width":"","height":""}],"twitter_card":"summary_large_image","twitter_misc":{"Tiempo de lectura":"4 minutos"},"schema":{"@context":"https:\/\/schema.org","@graph":[{"@type":"WebPage","@id":"https:\/\/vincdebosc.com\/politica-de-cookies\/","url":"https:\/\/vincdebosc.com\/politica-de-cookies\/","name":"Pol\u00edtica de cookies - Vincdebosc","isPartOf":{"@id":"https:\/\/vincdebosc.com\/#website"},"primaryImageOfPage":{"@id":"https:\/\/vincdebosc.com\/politica-de-cookies\/#primaryimage"},"image":{"@id":"https:\/\/vincdebosc.com\/politica-de-cookies\/#primaryimage"},"thumbnailUrl":"https:\/\/vincdebosc.com\/wp-content\/uploads\/2024\/09\/Frase_Vinc-de-Bosc.svg","datePublished":"2024-09-24T09:41:55+00:00","dateModified":"2024-09-24T10:46:41+00:00","breadcrumb":{"@id":"https:\/\/vincdebosc.com\/politica-de-cookies\/#breadcrumb"},"inLanguage":"es","potentialAction":[{"@type":"ReadAction","target":["https:\/\/vincdebosc.com\/politica-de-cookies\/"]}]},{"@type":"ImageObject","inLanguage":"es","@id":"https:\/\/vincdebosc.com\/politica-de-cookies\/#primaryimage","url":"https:\/\/vincdebosc.com\/wp-content\/uploads\/2024\/09\/Frase_Vinc-de-Bosc.svg","contentUrl":"https:\/\/vincdebosc.com\/wp-content\/uploads\/2024\/09\/Frase_Vinc-de-Bosc.svg"},{"@type":"BreadcrumbList","@id":"https:\/\/vincdebosc.com\/politica-de-cookies\/#breadcrumb","itemListElement":[{"@type":"ListItem","position":1,"name":"Inici","item":"https:\/\/vincdebosc.com\/"},{"@type":"ListItem","position":2,"name":"Pol\u00edtica de cookies"}]},{"@type":"WebSite","@id":"https:\/\/vincdebosc.com\/#website","url":"https:\/\/vincdebosc.com\/","name":"VINCDEBOSC","description":"Jugamos en grande","publisher":{"@id":"https:\/\/vincdebosc.com\/#\/schema\/person\/5eff37ac46d4e0ea41773e02420dc449"},"potentialAction":[{"@type":"SearchAction","target":{"@type":"EntryPoint","urlTemplate":"https:\/\/vincdebosc.com\/?s={search_term_string}"},"query-input":{"@type":"PropertyValueSpecification","valueRequired":true,"valueName":"search_term_string"}}],"inLanguage":"es"},{"@type":["Person","Organization"],"@id":"https:\/\/vincdebosc.com\/#\/schema\/person\/5eff37ac46d4e0ea41773e02420dc449","name":"tgd","image":{"@type":"ImageObject","inLanguage":"es","@id":"https:\/\/vincdebosc.com\/wp-content\/uploads\/2024\/09\/logo_p-color.svg","url":"https:\/\/vincdebosc.com\/wp-content\/uploads\/2024\/09\/logo_p-color.svg","contentUrl":"https:\/\/vincdebosc.com\/wp-content\/uploads\/2024\/09\/logo_p-color.svg","width":"1024","height":"1024","caption":"tgd"},"logo":{"@id":"https:\/\/vincdebosc.com\/wp-content\/uploads\/2024\/09\/logo_p-color.svg"},"sameAs":["http:\/\/vincdebosc.com"]}]}},"_links":{"self":[{"href":"https:\/\/vincdebosc.com\/es\/wp-json\/wp\/v2\/pages\/1039","targetHints":{"allow":["GET"]}}],"collection":[{"href":"https:\/\/vincdebosc.com\/es\/wp-json\/wp\/v2\/pages"}],"about":[{"href":"https:\/\/vincdebosc.com\/es\/wp-json\/wp\/v2\/types\/page"}],"author":[{"embeddable":true,"href":"https:\/\/vincdebosc.com\/es\/wp-json\/wp\/v2\/users\/1"}],"replies":[{"embeddable":true,"href":"https:\/\/vincdebosc.com\/es\/wp-json\/wp\/v2\/comments?post=1039"}],"version-history":[{"count":0,"href":"https:\/\/vincdebosc.com\/es\/wp-json\/wp\/v2\/pages\/1039\/revisions"}],"wp:attachment":[{"href":"https:\/\/vincdebosc.com\/es\/wp-json\/wp\/v2\/media?parent=1039"}],"curies":[{"name":"wp","href":"https:\/\/api.w.org\/{rel}","templated":true}]}}