{"id":1037,"date":"2024-09-24T11:41:10","date_gmt":"2024-09-24T09:41:10","guid":{"rendered":"https:\/\/vincdebosc.com\/?page_id=1037"},"modified":"2024-09-24T12:45:53","modified_gmt":"2024-09-24T10:45:53","slug":"avis-legal-i-politica-de-privacitat","status":"publish","type":"page","link":"https:\/\/vincdebosc.com\/es\/avis-legal-i-politica-de-privacitat\/","title":{"rendered":"Aviso legal y pol\u00edtica de privacidad"},"content":{"rendered":"<div data-elementor-type=\"wp-page\" data-elementor-id=\"1037\" class=\"elementor elementor-1037\">\n\t\t\t\t\t\t<section class=\"elementor-section elementor-top-section elementor-element elementor-element-0481940 qode_elementor_container_inner elementor-section-boxed elementor-section-height-default elementor-section-height-default parallax_section_no\" data-id=\"0481940\" data-element_type=\"section\" data-e-type=\"section\">\n\t\t\t\t\t\t<div class=\"elementor-container elementor-column-gap-default\">\n\t\t\t\t\t<div class=\"elementor-column elementor-col-100 elementor-top-column elementor-element elementor-element-39c5739\" data-id=\"39c5739\" data-element_type=\"column\" data-e-type=\"column\">\n\t\t\t<div class=\"elementor-widget-wrap elementor-element-populated\">\n\t\t\t\t\t\t<div class=\"elementor-element elementor-element-7441609 elementor-widget elementor-widget-text-editor\" data-id=\"7441609\" data-element_type=\"widget\" data-e-type=\"widget\" data-widget_type=\"text-editor.default\">\n\t\t\t\t<div class=\"elementor-widget-container\">\n\t\t\t\t\t\t\t\t\t<h4>Informaci\u00f3n b\u00e1sica sobre la protecci\u00f3n de datos<\/h4><p>\u00a0<\/p><p><strong>Sitio web:<\/strong> <a href=\"https:\/\/vincdebosc.com\/es\/\">vincdebosc.com<\/a><\/p><p><strong>Titular del sitio web:<\/strong> Sergi Roig Altas\u00a0<\/p><p><strong>Tel\u00e9fono: <\/strong><a href=\"tel:+34679382899\">+34 679 382 899<\/a><\/p><p><strong>Correo electr\u00f3nico:<\/strong> <a href=\"mailto:info@vincdebosc.com\">info@vincdebosc.com<\/a><\/p><p><strong>Legitimaci\u00f3n:<\/strong> Consentimiento otorgado por el usuario<\/p><p><strong>Edad legal consentimiento:<\/strong> El Usuario certifica que es mayor de 14 a\u00f1os y que por tanto posee la capacidad legal necesaria para la prestaci\u00f3n del consentimiento en cuanto al tratamiento de sus datos de car\u00e1cter personal y todo ello, de conformidad con lo establecido en esta Pol\u00edtica de Privacidad.<\/p><p><strong>Destinatarios:<\/strong> Se comunicar\u00e1n datos a terceros para poder realizar las finalidades descritas en esta pol\u00edtica de privacidad. En ning\u00fan caso se ceder\u00e1n datos a terceros para fines distintos a los descritos en este documento.<\/p><p><strong>Derechos:<\/strong> Acceder, rectificar y suprimir los datos, as\u00ed como otros derechos, como se explica en la informaci\u00f3n adicional.<\/p><p>\u00a0<\/p><h4>\u00bfCon qu\u00e9 finalidad trataremos sus datos de car\u00e1cter personal y durante cu\u00e1nto tiempo los conservaremos?<\/h4><p>La empresa tratar\u00e1 sus datos de car\u00e1cter personal exclusivamente para fines determinados, expl\u00edcitos y leg\u00edtimos, y no ser\u00e1n tratados de forma incompatible con estos fines.<\/p><p><strong>Finalidad 1<\/strong><\/p><p>Gesti\u00f3n, estudio y resoluci\u00f3n de consultas efectuadas a trav\u00e9s de la web. La empresa conservar\u00e1 los datos de car\u00e1cter personal el tiempo necesario seg\u00fan la informaci\u00f3n facilitada y los plazos de conservaci\u00f3n recogidos en normativas que resulten de aplicaci\u00f3n.<\/p><p><strong>Finalidad 2<\/strong><\/p><p>Informaci\u00f3n comercial y servicios.<\/p><p>\u00a0<\/p><h4>\u00bfCu\u00e1l es la legitimaci\u00f3n para el tratamiento de sus datos?<\/h4><p>La base legal para el tratamiento de sus datos es el consentimiento que nos otorga al marcar la casilla en la que acepta nuestra pol\u00edtica de privacidad.<\/p><p>\u00a0<\/p><h4>\u00bfA qu\u00e9 destinatarios se comunicar\u00e1n sus datos?<\/h4><p>Los datos son confidenciales y no se ceder\u00e1n a terceros, salvo que exista una obligaci\u00f3n legal.<\/p><p>\u00a0<\/p><h4>\u00bfCu\u00e1les son sus derechos cuando nos facilita sus datos?<\/h4><p>Cualquier persona tiene derecho a obtener confirmaci\u00f3n sobre si en la empresa estamos tratando datos personales que les conciernan, o no.<\/p><p>En concreto, puede dirigirse a la empresa a su direcci\u00f3n postal, o bien, a la direcci\u00f3n de correo electr\u00f3nico <a href=\"mailto:info@vincdebosc.com\">info@vincdebosc.com<\/a> con el fin de ejercer los siguientes derechos:<\/p><ul><li>Derecho a solicitar el acceso a los datos personales relativos al interesado.<\/li><li>Derecho a solicitar su rectificaci\u00f3n o supresi\u00f3n.<\/li><li>Derecho a solicitar la limitaci\u00f3n del tratamiento.<\/li><li>Derecho a oponerse al tratamiento.<\/li><li>Derecho a la portabilidad de los datos.<\/li><\/ul><p>Puede solicitar los formularios necesarios para el ejercicio de estos derechos enviando un correo electr\u00f3nico a <a href=\"mailto:info@vincdebosc.com\">info@vincdebosc.com<\/a>. Dado el car\u00e1cter personal\u00edsimo del ejercicio de cualquiera de estos derechos debe adjuntar a la solicitud copia de su carn\u00e9 de identidad o documento acreditativo equivalente. Puede dirigirse a la Agencia Espa\u00f1ola de protecci\u00f3n de Datos para obtener informaci\u00f3n adicional sobre sus derechos o presentar una reclamaci\u00f3n ante la misma, especialmente cuando no ha obtenido satisfacci\u00f3n en el ejercicio de sus derechos, obteniendo toda la informaci\u00f3n necesaria para a esto a trav\u00e9s de la web <a href=\"http:\/\/www.agpd.es\/\">www.agpd.es<\/a>.<\/p>\t\t\t\t\t\t\t\t<\/div>\n\t\t\t\t<\/div>\n\t\t\t\t\t<\/div>\n\t\t<\/div>\n\t\t\t\t\t<\/div>\n\t\t<\/section>\n\t\t\t\t<section class=\"elementor-section elementor-top-section elementor-element elementor-element-f3260a7 elementor-section-full_width elementor-section-height-default elementor-section-height-default parallax_section_no qode_elementor_container_no\" data-id=\"f3260a7\" data-element_type=\"section\" data-e-type=\"section\" data-settings=\"{&quot;background_background&quot;:&quot;classic&quot;}\">\n\t\t\t\t\t\t<div class=\"elementor-container elementor-column-gap-default\">\n\t\t\t\t\t<div class=\"elementor-column elementor-col-100 elementor-top-column elementor-element elementor-element-fd508f9\" data-id=\"fd508f9\" data-element_type=\"column\" data-e-type=\"column\">\n\t\t\t<div class=\"elementor-widget-wrap elementor-element-populated\">\n\t\t\t\t\t\t<section class=\"elementor-section elementor-inner-section elementor-element elementor-element-81ae591 elementor-section-full_width qode_elementor_container_inner elementor-section-height-default elementor-section-height-default parallax_section_no\" data-id=\"81ae591\" data-element_type=\"section\" data-e-type=\"section\">\n\t\t\t\t\t\t<div class=\"elementor-container elementor-column-gap-default\">\n\t\t\t\t\t<div class=\"elementor-column elementor-col-100 elementor-inner-column elementor-element elementor-element-ad8a57a\" data-id=\"ad8a57a\" data-element_type=\"column\" data-e-type=\"column\">\n\t\t\t<div class=\"elementor-widget-wrap elementor-element-populated\">\n\t\t\t\t\t\t<div class=\"elementor-element elementor-element-d79e17f elementor-widget elementor-widget-image\" data-id=\"d79e17f\" data-element_type=\"widget\" data-e-type=\"widget\" data-widget_type=\"image.default\">\n\t\t\t\t<div class=\"elementor-widget-container\">\n\t\t\t\t\t\t\t\t\t\t\t\t\t\t\t<img decoding=\"async\" width=\"1\" height=\"1\" src=\"https:\/\/vincdebosc.com\/wp-content\/uploads\/2024\/09\/Frase_Vinc-de-Bosc.svg\" class=\"attachment-full size-full wp-image-829\" alt=\"Eslogan Vincdebosc\" \/>\t\t\t\t\t\t\t\t\t\t\t\t\t\t\t<\/div>\n\t\t\t\t<\/div>\n\t\t\t\t<div class=\"elementor-element elementor-element-fda4950 elementor-widget elementor-widget-image\" data-id=\"fda4950\" data-element_type=\"widget\" data-e-type=\"widget\" data-widget_type=\"image.default\">\n\t\t\t\t<div class=\"elementor-widget-container\">\n\t\t\t\t\t\t\t\t\t\t\t\t\t\t\t<img decoding=\"async\" width=\"1\" height=\"1\" src=\"https:\/\/vincdebosc.com\/wp-content\/uploads\/2024\/09\/Logo_Vinc-de-Bosc-sense-frase.svg\" class=\"attachment-full size-full wp-image-830\" alt=\"Logo Vincdebosc\" \/>\t\t\t\t\t\t\t\t\t\t\t\t\t\t\t<\/div>\n\t\t\t\t<\/div>\n\t\t\t\t<div class=\"elementor-element elementor-element-5a0414e elementor-widget elementor-widget-spacer\" data-id=\"5a0414e\" data-element_type=\"widget\" data-e-type=\"widget\" data-widget_type=\"spacer.default\">\n\t\t\t\t<div class=\"elementor-widget-container\">\n\t\t\t\t\t\t\t<div class=\"elementor-spacer\">\n\t\t\t<div class=\"elementor-spacer-inner\"><\/div>\n\t\t<\/div>\n\t\t\t\t\t\t<\/div>\n\t\t\t\t<\/div>\n\t\t\t\t\t<\/div>\n\t\t<\/div>\n\t\t\t\t\t<\/div>\n\t\t<\/section>\n\t\t\t\t\t<\/div>\n\t\t<\/div>\n\t\t\t\t\t<\/div>\n\t\t<\/section>\n\t\t\t\t<\/div>","protected":false},"excerpt":{"rendered":"<p>Informaci\u00f3n b\u00e1sica sobre la protecci\u00f3n de datos Sitio web: vincdebosc.com Titular del sitio web: Sergi Roig Altes Tel\u00e9fono: +34 679 382 899 Correo electr\u00f3nico: info@vincdebosc.com Legitimaci\u00f3n: Consentimiento otorgado por el usuario Edad legal consentimiento: El Usuario certifica que es mayor consentimiento en cuanto al tratamiento de sus datos de car\u00e1cter personal y todo ello, de conformidad con lo establecido en esta Pol\u00edtica de Privacidad. Destinatarios: Se comunicar\u00e1n datos a terceros para poder realizar las finalidades descritas en esta pol\u00edtica de privacidad. En\u2026<\/p>","protected":false},"author":1,"featured_media":0,"parent":0,"menu_order":0,"comment_status":"closed","ping_status":"closed","template":"full_width.php","meta":{"inline_featured_image":false,"footnotes":""},"class_list":["post-1037","page","type-page","status-publish","hentry"],"yoast_head":"<!-- This site is optimized with the Yoast SEO plugin v27.2 - https:\/\/yoast.com\/product\/yoast-seo-wordpress\/ -->\n<title>Av\u00eds legal i pol\u00edtica de privacitat - Vincdebosc<\/title>\n<meta name=\"robots\" content=\"index, follow, max-snippet:-1, max-image-preview:large, max-video-preview:-1\" \/>\n<link rel=\"canonical\" href=\"https:\/\/vincdebosc.com\/es\/avis-legal-i-politica-de-privacitat\/\" \/>\n<meta property=\"og:locale\" content=\"es_ES\" \/>\n<meta property=\"og:type\" content=\"article\" \/>\n<meta property=\"og:title\" content=\"Av\u00eds legal i pol\u00edtica de privacitat - Vincdebosc\" \/>\n<meta property=\"og:description\" content=\"Informaci\u00f3 b\u00e0sica sobre la protecci\u00f3 de dades \u00a0 Lloc web: vincdebosc.com Titular del lloc web: Sergi Roig Altes\u00a0 Tel\u00e8fon: +34 679 382 899 Correu electr\u00f2nic: info@vincdebosc.com Legitimaci\u00f3: Consentiment atorgat per l&#8217;usuari Edat legal consentiment: L&#8217;Usuari certifica que \u00e9s major de 14 anys i que per tant posseeix la capacitat legal necess\u00e0ria per a la prestaci\u00f3 del consentiment quant al tractament de les seves dades de car\u00e0cter personal i tot aix\u00f2, de conformitat amb el que estableix aquesta Pol\u00edtica de Privadesa. Destinataris: Es comunicaran dades a tercers per poder dur a terme les finalitats descrites en aquesta pol\u00edtica de privadesa. En...\" \/>\n<meta property=\"og:url\" content=\"https:\/\/vincdebosc.com\/es\/avis-legal-i-politica-de-privacitat\/\" \/>\n<meta property=\"og:site_name\" content=\"Vincdebosc\" \/>\n<meta property=\"article:modified_time\" content=\"2024-09-24T10:45:53+00:00\" \/>\n<meta property=\"og:image\" content=\"https:\/\/vincdebosc.com\/wp-content\/uploads\/2024\/09\/Frase_Vinc-de-Bosc.svg\" \/>\n<meta name=\"twitter:card\" content=\"summary_large_image\" \/>\n<meta name=\"twitter:label1\" content=\"Tiempo de lectura\" \/>\n\t<meta name=\"twitter:data1\" content=\"3 minutos\" \/>\n<script type=\"application\/ld+json\" class=\"yoast-schema-graph\">{\"@context\":\"https:\/\/schema.org\",\"@graph\":[{\"@type\":\"WebPage\",\"@id\":\"https:\/\/vincdebosc.com\/avis-legal-i-politica-de-privacitat\/\",\"url\":\"https:\/\/vincdebosc.com\/avis-legal-i-politica-de-privacitat\/\",\"name\":\"Av\u00eds legal i pol\u00edtica de privacitat - Vincdebosc\",\"isPartOf\":{\"@id\":\"https:\/\/vincdebosc.com\/#website\"},\"primaryImageOfPage\":{\"@id\":\"https:\/\/vincdebosc.com\/avis-legal-i-politica-de-privacitat\/#primaryimage\"},\"image\":{\"@id\":\"https:\/\/vincdebosc.com\/avis-legal-i-politica-de-privacitat\/#primaryimage\"},\"thumbnailUrl\":\"https:\/\/vincdebosc.com\/wp-content\/uploads\/2024\/09\/Frase_Vinc-de-Bosc.svg\",\"datePublished\":\"2024-09-24T09:41:10+00:00\",\"dateModified\":\"2024-09-24T10:45:53+00:00\",\"breadcrumb\":{\"@id\":\"https:\/\/vincdebosc.com\/avis-legal-i-politica-de-privacitat\/#breadcrumb\"},\"inLanguage\":\"es\",\"potentialAction\":[{\"@type\":\"ReadAction\",\"target\":[\"https:\/\/vincdebosc.com\/avis-legal-i-politica-de-privacitat\/\"]}]},{\"@type\":\"ImageObject\",\"inLanguage\":\"es\",\"@id\":\"https:\/\/vincdebosc.com\/avis-legal-i-politica-de-privacitat\/#primaryimage\",\"url\":\"https:\/\/vincdebosc.com\/wp-content\/uploads\/2024\/09\/Frase_Vinc-de-Bosc.svg\",\"contentUrl\":\"https:\/\/vincdebosc.com\/wp-content\/uploads\/2024\/09\/Frase_Vinc-de-Bosc.svg\"},{\"@type\":\"BreadcrumbList\",\"@id\":\"https:\/\/vincdebosc.com\/avis-legal-i-politica-de-privacitat\/#breadcrumb\",\"itemListElement\":[{\"@type\":\"ListItem\",\"position\":1,\"name\":\"Inici\",\"item\":\"https:\/\/vincdebosc.com\/\"},{\"@type\":\"ListItem\",\"position\":2,\"name\":\"Av\u00eds legal i pol\u00edtica de privacitat\"}]},{\"@type\":\"WebSite\",\"@id\":\"https:\/\/vincdebosc.com\/#website\",\"url\":\"https:\/\/vincdebosc.com\/\",\"name\":\"Vincdebosc\",\"description\":\"Juguem en gran\",\"publisher\":{\"@id\":\"https:\/\/vincdebosc.com\/#\/schema\/person\/5eff37ac46d4e0ea41773e02420dc449\"},\"potentialAction\":[{\"@type\":\"SearchAction\",\"target\":{\"@type\":\"EntryPoint\",\"urlTemplate\":\"https:\/\/vincdebosc.com\/?s={search_term_string}\"},\"query-input\":{\"@type\":\"PropertyValueSpecification\",\"valueRequired\":true,\"valueName\":\"search_term_string\"}}],\"inLanguage\":\"es\"},{\"@type\":[\"Person\",\"Organization\"],\"@id\":\"https:\/\/vincdebosc.com\/#\/schema\/person\/5eff37ac46d4e0ea41773e02420dc449\",\"name\":\"tgd\",\"image\":{\"@type\":\"ImageObject\",\"inLanguage\":\"es\",\"@id\":\"https:\/\/vincdebosc.com\/wp-content\/uploads\/2024\/09\/logo_p-color.svg\",\"url\":\"https:\/\/vincdebosc.com\/wp-content\/uploads\/2024\/09\/logo_p-color.svg\",\"contentUrl\":\"https:\/\/vincdebosc.com\/wp-content\/uploads\/2024\/09\/logo_p-color.svg\",\"width\":\"1024\",\"height\":\"1024\",\"caption\":\"tgd\"},\"logo\":{\"@id\":\"https:\/\/vincdebosc.com\/wp-content\/uploads\/2024\/09\/logo_p-color.svg\"},\"sameAs\":[\"http:\/\/vincdebosc.com\"]}]}<\/script>\n<!-- \/ Yoast SEO plugin. -->","yoast_head_json":{"title":"Aviso legal y pol\u00edtica de privacidad - Vincdebosc","robots":{"index":"index","follow":"follow","max-snippet":"max-snippet:-1","max-image-preview":"max-image-preview:large","max-video-preview":"max-video-preview:-1"},"canonical":"https:\/\/vincdebosc.com\/es\/avis-legal-i-politica-de-privacitat\/","og_locale":"es_ES","og_type":"article","og_title":"Av\u00eds legal i pol\u00edtica de privacitat - Vincdebosc","og_description":"Informaci\u00f3 b\u00e0sica sobre la protecci\u00f3 de dades \u00a0 Lloc web: vincdebosc.com Titular del lloc web: Sergi Roig Altes\u00a0 Tel\u00e8fon: +34 679 382 899 Correu electr\u00f2nic: info@vincdebosc.com Legitimaci\u00f3: Consentiment atorgat per l&#8217;usuari Edat legal consentiment: L&#8217;Usuari certifica que \u00e9s major de 14 anys i que per tant posseeix la capacitat legal necess\u00e0ria per a la prestaci\u00f3 del consentiment quant al tractament de les seves dades de car\u00e0cter personal i tot aix\u00f2, de conformitat amb el que estableix aquesta Pol\u00edtica de Privadesa. Destinataris: Es comunicaran dades a tercers per poder dur a terme les finalitats descrites en aquesta pol\u00edtica de privadesa. En...","og_url":"https:\/\/vincdebosc.com\/es\/avis-legal-i-politica-de-privacitat\/","og_site_name":"Vincdebosc","article_modified_time":"2024-09-24T10:45:53+00:00","og_image":[{"url":"https:\/\/vincdebosc.com\/wp-content\/uploads\/2024\/09\/Frase_Vinc-de-Bosc.svg","type":"","width":"","height":""}],"twitter_card":"summary_large_image","twitter_misc":{"Tiempo de lectura":"3 minutos"},"schema":{"@context":"https:\/\/schema.org","@graph":[{"@type":"WebPage","@id":"https:\/\/vincdebosc.com\/avis-legal-i-politica-de-privacitat\/","url":"https:\/\/vincdebosc.com\/avis-legal-i-politica-de-privacitat\/","name":"Aviso legal y pol\u00edtica de privacidad - Vincdebosc","isPartOf":{"@id":"https:\/\/vincdebosc.com\/#website"},"primaryImageOfPage":{"@id":"https:\/\/vincdebosc.com\/avis-legal-i-politica-de-privacitat\/#primaryimage"},"image":{"@id":"https:\/\/vincdebosc.com\/avis-legal-i-politica-de-privacitat\/#primaryimage"},"thumbnailUrl":"https:\/\/vincdebosc.com\/wp-content\/uploads\/2024\/09\/Frase_Vinc-de-Bosc.svg","datePublished":"2024-09-24T09:41:10+00:00","dateModified":"2024-09-24T10:45:53+00:00","breadcrumb":{"@id":"https:\/\/vincdebosc.com\/avis-legal-i-politica-de-privacitat\/#breadcrumb"},"inLanguage":"es","potentialAction":[{"@type":"ReadAction","target":["https:\/\/vincdebosc.com\/avis-legal-i-politica-de-privacitat\/"]}]},{"@type":"ImageObject","inLanguage":"es","@id":"https:\/\/vincdebosc.com\/avis-legal-i-politica-de-privacitat\/#primaryimage","url":"https:\/\/vincdebosc.com\/wp-content\/uploads\/2024\/09\/Frase_Vinc-de-Bosc.svg","contentUrl":"https:\/\/vincdebosc.com\/wp-content\/uploads\/2024\/09\/Frase_Vinc-de-Bosc.svg"},{"@type":"BreadcrumbList","@id":"https:\/\/vincdebosc.com\/avis-legal-i-politica-de-privacitat\/#breadcrumb","itemListElement":[{"@type":"ListItem","position":1,"name":"Inici","item":"https:\/\/vincdebosc.com\/"},{"@type":"ListItem","position":2,"name":"Av\u00eds legal i pol\u00edtica de privacitat"}]},{"@type":"WebSite","@id":"https:\/\/vincdebosc.com\/#website","url":"https:\/\/vincdebosc.com\/","name":"VINCDEBOSC","description":"Jugamos en grande","publisher":{"@id":"https:\/\/vincdebosc.com\/#\/schema\/person\/5eff37ac46d4e0ea41773e02420dc449"},"potentialAction":[{"@type":"SearchAction","target":{"@type":"EntryPoint","urlTemplate":"https:\/\/vincdebosc.com\/?s={search_term_string}"},"query-input":{"@type":"PropertyValueSpecification","valueRequired":true,"valueName":"search_term_string"}}],"inLanguage":"es"},{"@type":["Person","Organization"],"@id":"https:\/\/vincdebosc.com\/#\/schema\/person\/5eff37ac46d4e0ea41773e02420dc449","name":"tgd","image":{"@type":"ImageObject","inLanguage":"es","@id":"https:\/\/vincdebosc.com\/wp-content\/uploads\/2024\/09\/logo_p-color.svg","url":"https:\/\/vincdebosc.com\/wp-content\/uploads\/2024\/09\/logo_p-color.svg","contentUrl":"https:\/\/vincdebosc.com\/wp-content\/uploads\/2024\/09\/logo_p-color.svg","width":"1024","height":"1024","caption":"tgd"},"logo":{"@id":"https:\/\/vincdebosc.com\/wp-content\/uploads\/2024\/09\/logo_p-color.svg"},"sameAs":["http:\/\/vincdebosc.com"]}]}},"_links":{"self":[{"href":"https:\/\/vincdebosc.com\/es\/wp-json\/wp\/v2\/pages\/1037","targetHints":{"allow":["GET"]}}],"collection":[{"href":"https:\/\/vincdebosc.com\/es\/wp-json\/wp\/v2\/pages"}],"about":[{"href":"https:\/\/vincdebosc.com\/es\/wp-json\/wp\/v2\/types\/page"}],"author":[{"embeddable":true,"href":"https:\/\/vincdebosc.com\/es\/wp-json\/wp\/v2\/users\/1"}],"replies":[{"embeddable":true,"href":"https:\/\/vincdebosc.com\/es\/wp-json\/wp\/v2\/comments?post=1037"}],"version-history":[{"count":0,"href":"https:\/\/vincdebosc.com\/es\/wp-json\/wp\/v2\/pages\/1037\/revisions"}],"wp:attachment":[{"href":"https:\/\/vincdebosc.com\/es\/wp-json\/wp\/v2\/media?parent=1037"}],"curies":[{"name":"wp","href":"https:\/\/api.w.org\/{rel}","templated":true}]}}