{"id":1035,"date":"2024-09-24T11:37:46","date_gmt":"2024-09-24T09:37:46","guid":{"rendered":"https:\/\/vincdebosc.com\/?page_id=1035"},"modified":"2024-09-24T12:19:59","modified_gmt":"2024-09-24T10:19:59","slug":"declaracio-accessibilitat","status":"publish","type":"page","link":"https:\/\/vincdebosc.com\/es\/declaracio-accessibilitat\/","title":{"rendered":"Pol\u00edtica de accesibilidad"},"content":{"rendered":"<div data-elementor-type=\"wp-page\" data-elementor-id=\"1035\" class=\"elementor elementor-1035\">\n\t\t\t\t\t\t<section class=\"elementor-section elementor-top-section elementor-element elementor-element-3f936da qode_elementor_container_inner elementor-section-boxed elementor-section-height-default elementor-section-height-default parallax_section_no\" data-id=\"3f936da\" data-element_type=\"section\" data-e-type=\"section\">\n\t\t\t\t\t\t<div class=\"elementor-container elementor-column-gap-default\">\n\t\t\t\t\t<div class=\"elementor-column elementor-col-100 elementor-top-column elementor-element elementor-element-b90fc8d\" data-id=\"b90fc8d\" data-element_type=\"column\" data-e-type=\"column\">\n\t\t\t<div class=\"elementor-widget-wrap elementor-element-populated\">\n\t\t\t\t\t\t<div class=\"elementor-element elementor-element-07a2217 elementor-widget elementor-widget-text-editor\" data-id=\"07a2217\" data-element_type=\"widget\" data-e-type=\"widget\" data-widget_type=\"text-editor.default\">\n\t\t\t\t<div class=\"elementor-widget-container\">\n\t\t\t\t\t\t\t\t\t<h4>Declaraci\u00f3n de Accesibilidad de vincdebosc.com<\/h4><p>\u00a0<\/p><p><strong>Sergi Roig Altas<\/strong> se ha comprometido a hacer accesibles su sitio web de conformidad con los criterios de accesibilidad del Programa Kit Digital, conforme a los anexos de la norma <strong>UNE-EN 301 549:2022<\/strong>.<\/p><p>La presente declaraci\u00f3n de accesibilidad se aplica al sitio web <a href=\"https:\/\/vincdebosc.com\/es\/\">vincdebosc.com<\/a>\u00a0(los subdominios de este sitio web tendr\u00e1n sus propias declaraciones de accesibilidad).<\/p><h6>\u00a0<\/h6><h6><strong>Situaci\u00f3n de cumplimiento<\/strong><\/h6><p>Este sitio es parcialmente conforme estando los aspectos de accesibilidad con los que se conforma la presente web.<\/p><h6>\u00a0<\/h6><h6><strong>Contenido no accesible<\/strong><\/h6><p>En cambio, el contenido de los puntos que se recogen a continuaci\u00f3n no son accesibles por los siguientes motivos:<\/p><p>\u00a0<\/p><p><strong>9.1.1.1 Contenido no textual.<\/strong><\/p><p>Cuando las TIC sean una p\u00e1gina web.<\/p><p>Todo contenido no textual que se presenta al usuario tiene una alternativa textual que cumple el mismo prop\u00f3sito, excepto en las situaciones enumeradas a continuaci\u00f3n:<\/p><p>Controles, Entrada de datos: Si el contenido no textual es un control o acepta datos introducidos por el usuario, entonces tiene un nombre que describe el prop\u00f3sito.<br \/>Contenido multimedia tempo dependiente: Si el contenido no textual es una presentaci\u00f3n multimedia con desarrollo temporal, entonces las alternativas textuales proporcionan al menos una identificaci\u00f3n descriptiva del contenido no textual.<br \/>Pruebas: Si el contenido no textual es una prueba o ejercicio que no ser\u00eda v\u00e1lido si se presentara en forma de texto, entonces las alternativas textuales proporcionar\u00e1n al menos una identificaci\u00f3n descriptiva del contenido no textual.<br \/>Sensorial: Si el contenido no textual tiene como objetivo principal crear una experiencia sensorial espec\u00edfica, entonces las alternativas textuales proporcionan al menos una identificaci\u00f3n descriptiva del contenido no textual.<br \/>CAPTCHA: Si el prop\u00f3sito del contenido no textual es confirmar que quien est\u00e1 accediendo al contenido es una persona y no una computadora, entonces se proporcionar\u00e1n alternativas textuales que identifica y describe el prop\u00f3sito del contenido no textual y se proporcionan formas alternativas de CAPTCHA con m\u00f3dulos de salida para distintos tipos de percepciones sensoriales, con el fin de acomodarse a las distintas discapacidades.<br \/>Decoraci\u00f3n, Formato, Invisible: Si el contenido no textual es simple decoraci\u00f3n, se utiliza \u00fanicamente para definir el formato visual o no se presenta a los usuarios, entonces se implementa de forma que pueda ser ignorado por las ayudas t\u00e9cnicas.<\/p><p>\u00a0<\/p><p><strong>9.1.3.1 Informaci\u00f3n y relaciones.<\/strong><\/p><p>Cuando las TIC sean una p\u00e1gina web.<\/p><p>La informaci\u00f3n, estructura y relaciones comunicadas a trav\u00e9s de la presentaci\u00f3n pueden ser determinadas por software o est\u00e1n disponibles como texto.<\/p><h6>\u00a0<\/h6><h6><strong>Preparaci\u00f3n de la presente declaraci\u00f3n de accesibilidad<\/strong><\/h6><p>La presente declaraci\u00f3n fue preparada el <strong>24 de septiembre de 2024<\/strong>.<\/p><p>El m\u00e9todo empleado para preparar la declaraci\u00f3n ha sido una autoevaluaci\u00f3n, potada a cabo por la propia empresa con el apoyo de Equalweb Digital Accessibility.<\/p><p>\u00daltima revisi\u00f3n de la declaraci\u00f3n: <strong>24 de septiembre de 2024<\/strong>.<\/p><h6>\u00a0<\/h6><h6><strong>Observaciones y datos de contacto<\/strong><\/h6><p>Puede realizar comunicaciones sobre requisitos de accesibilidad (art\u00edculo 10.2.a) del Real Decreto 1112\/2018, de 7 de septiembre) como, por ejemplo:<\/p><ul><li>Informar sobre cualquier posible incumplimiento por parte de este sitio web.<\/li><li>Transmitir otras dificultades de acceso al contenido.<\/li><li>Formular cualquier otra consulta o sugerencia de mejora relativa a la accesibilidad del sitio web.<\/li><\/ul><p>A trav\u00e9s de las siguientes v\u00edas:<\/p><p>Correo electr\u00f3nico: <a href=\"mailto:info@vincdebosc.com\">info@vincdebosc.com<\/a><br \/>Tel\u00e9fono: <a href=\"tel:+34679382899\">679 382 899<\/a><br \/>Las Comunicaciones ser\u00e1n recibidas y tratadas por el departamento responsable de los contenidos de este sitio web.<\/p><h6>\u00a0<\/h6><h6><strong>Solicitudes de informaci\u00f3n accesible y quejas<\/strong><\/h6><p>Tambi\u00e9n puede solicitar en formato accesible la informaci\u00f3n que no cumpla con los requisitos de accesibilidad, bien por estar excluida, bien por estar exenta por carga desproporcionada, o formular una queja por incumplimiento de los requisitos de accesibilidad.<\/p><h6>\u00a0<\/h6><h6><strong>Procedimiento de aplicaci\u00f3n<\/strong><\/h6><p>A trav\u00e9s de este procedimiento podr\u00e1 iniciar una reclamaci\u00f3n para conocer y oponerse a los motivos de la desestimaci\u00f3n de una solicitud de informaci\u00f3n accesible o queja a instar la adopci\u00f3n de las medidas oportunas en caso de no estar de acuerdo con la decisi\u00f3n adoptada, o exponer las razones por las que se considera que la respuesta no cumple con los requisitos exigidos.<\/p><p>Utilice los datos de contacto anteriormente expuestos y la reclamaci\u00f3n ser\u00e1 dirigida a la Unidad responsable de accesibilidad, oa un superior jer\u00e1rquico de la misma.<\/p><h6>\u00a0<\/h6><h6><strong>Contenido opcional<\/strong><\/h6><p>El sitio web:<\/p><ul><li>Se ha dise\u00f1ado adapt\u00e1ndose a los est\u00e1ndares y normativas vigentes en relaci\u00f3n con la accesibilidad, cumpliendo con los puntos de verificaci\u00f3n de prioridad 2 (AA) definidos en la especificaci\u00f3n de Pautas de Accesibilidad al Contenido en la Web (WCAG 2.1) .<\/li><li>Est\u00e1 optimizado por las \u00faltimas versiones vigentes de Chrome, Edge, Firefox, Safari y Opera.<\/li><li>Est\u00e1 dise\u00f1ado para su correcta visualizaci\u00f3n en cualquier resoluci\u00f3n y dispositivo de escritorio, tableta o m\u00f3viles (dise\u00f1o responsive).<\/li><li>Las tecnolog\u00edas web en las que se basa la conformidad de la accesibilidad del presente sitio son <strong>HTML5, CSS, ECMA Script 5, DOM, SVG, as\u00ed como otras tecnolog\u00edas<\/strong>.<\/li><\/ul><p>Adicionalmente, se realiza un trabajo continuo de auditor\u00eda y revisi\u00f3n de contenidos para facilitar su interpretaci\u00f3n y mejorar la navegaci\u00f3n por el portal web.<\/p>\t\t\t\t\t\t\t\t<\/div>\n\t\t\t\t<\/div>\n\t\t\t\t\t<\/div>\n\t\t<\/div>\n\t\t\t\t\t<\/div>\n\t\t<\/section>\n\t\t\t\t<section class=\"elementor-section elementor-top-section elementor-element elementor-element-f3260a7 elementor-section-full_width elementor-section-height-default elementor-section-height-default parallax_section_no qode_elementor_container_no\" data-id=\"f3260a7\" data-element_type=\"section\" data-e-type=\"section\" data-settings=\"{&quot;background_background&quot;:&quot;classic&quot;}\">\n\t\t\t\t\t\t<div class=\"elementor-container elementor-column-gap-default\">\n\t\t\t\t\t<div class=\"elementor-column elementor-col-100 elementor-top-column elementor-element elementor-element-fd508f9\" data-id=\"fd508f9\" data-element_type=\"column\" data-e-type=\"column\">\n\t\t\t<div class=\"elementor-widget-wrap elementor-element-populated\">\n\t\t\t\t\t\t<section class=\"elementor-section elementor-inner-section elementor-element elementor-element-81ae591 elementor-section-full_width qode_elementor_container_inner elementor-section-height-default elementor-section-height-default parallax_section_no\" data-id=\"81ae591\" data-element_type=\"section\" data-e-type=\"section\">\n\t\t\t\t\t\t<div class=\"elementor-container elementor-column-gap-default\">\n\t\t\t\t\t<div class=\"elementor-column elementor-col-100 elementor-inner-column elementor-element elementor-element-ad8a57a\" data-id=\"ad8a57a\" data-element_type=\"column\" data-e-type=\"column\">\n\t\t\t<div class=\"elementor-widget-wrap elementor-element-populated\">\n\t\t\t\t\t\t<div class=\"elementor-element elementor-element-d79e17f elementor-widget elementor-widget-image\" data-id=\"d79e17f\" data-element_type=\"widget\" data-e-type=\"widget\" data-widget_type=\"image.default\">\n\t\t\t\t<div class=\"elementor-widget-container\">\n\t\t\t\t\t\t\t\t\t\t\t\t\t\t\t<img decoding=\"async\" width=\"1\" height=\"1\" src=\"https:\/\/vincdebosc.com\/wp-content\/uploads\/2024\/09\/Frase_Vinc-de-Bosc.svg\" class=\"attachment-full size-full wp-image-829\" alt=\"Eslogan Vincdebosc\" \/>\t\t\t\t\t\t\t\t\t\t\t\t\t\t\t<\/div>\n\t\t\t\t<\/div>\n\t\t\t\t<div class=\"elementor-element elementor-element-fda4950 elementor-widget elementor-widget-image\" data-id=\"fda4950\" data-element_type=\"widget\" data-e-type=\"widget\" data-widget_type=\"image.default\">\n\t\t\t\t<div class=\"elementor-widget-container\">\n\t\t\t\t\t\t\t\t\t\t\t\t\t\t\t<img decoding=\"async\" width=\"1\" height=\"1\" src=\"https:\/\/vincdebosc.com\/wp-content\/uploads\/2024\/09\/Logo_Vinc-de-Bosc-sense-frase.svg\" class=\"attachment-full size-full wp-image-830\" alt=\"Logo Vincdebosc\" \/>\t\t\t\t\t\t\t\t\t\t\t\t\t\t\t<\/div>\n\t\t\t\t<\/div>\n\t\t\t\t<div class=\"elementor-element elementor-element-5a0414e elementor-widget elementor-widget-spacer\" data-id=\"5a0414e\" data-element_type=\"widget\" data-e-type=\"widget\" data-widget_type=\"spacer.default\">\n\t\t\t\t<div class=\"elementor-widget-container\">\n\t\t\t\t\t\t\t<div class=\"elementor-spacer\">\n\t\t\t<div class=\"elementor-spacer-inner\"><\/div>\n\t\t<\/div>\n\t\t\t\t\t\t<\/div>\n\t\t\t\t<\/div>\n\t\t\t\t\t<\/div>\n\t\t<\/div>\n\t\t\t\t\t<\/div>\n\t\t<\/section>\n\t\t\t\t\t<\/div>\n\t\t<\/div>\n\t\t\t\t\t<\/div>\n\t\t<\/section>\n\t\t\t\t<\/div>","protected":false},"excerpt":{"rendered":"<p>Declaraci\u00f3 d&#8217;Accessibilitat de vincdebosc.com \u00a0 Sergi Roig Altes s\u2019ha comprom\u00e8s a fer accessibles el seu lloc web de conformitat amb els criteris d\u2019accessibilitat del Programa Kit Digital, conforme als annexos de la norma UNE-EN 301 549:2022. La present declaraci\u00f3 d\u2019accessibilitat s\u2019aplica al lloc web vincdebosc.com\u00a0(els subdominis d\u2019aquest lloc web tindran les seves pr\u00f2pies declaracions d\u2019accessibilitat). \u00a0 Situaci\u00f3 de compliment Aquest lloc \u00e9s parcialment conforme estant els aspectes d\u2019accessibilitat amb els que es conforma la present web. \u00a0 Contingut no accessible En canvi, el contingut dels punts que es recullen a continuaci\u00f3 no s\u00f3n accessibles pels seg\u00fcents motius: \u00a0 9.1.1.1 Contingut&#8230;<\/p>","protected":false},"author":1,"featured_media":0,"parent":0,"menu_order":0,"comment_status":"closed","ping_status":"closed","template":"full_width.php","meta":{"inline_featured_image":false,"footnotes":""},"class_list":["post-1035","page","type-page","status-publish","hentry"],"yoast_head":"<!-- This site is optimized with the Yoast SEO plugin v27.2 - https:\/\/yoast.com\/product\/yoast-seo-wordpress\/ -->\n<title>Pol\u00edtica d\u2019accessibilitat - Vincdebosc<\/title>\n<meta name=\"robots\" content=\"index, follow, max-snippet:-1, max-image-preview:large, max-video-preview:-1\" \/>\n<link rel=\"canonical\" href=\"https:\/\/vincdebosc.com\/es\/declaracio-accessibilitat\/\" \/>\n<meta property=\"og:locale\" content=\"es_ES\" \/>\n<meta property=\"og:type\" content=\"article\" \/>\n<meta property=\"og:title\" content=\"Pol\u00edtica d\u2019accessibilitat - Vincdebosc\" \/>\n<meta property=\"og:description\" content=\"Declaraci\u00f3 d&#8217;Accessibilitat de vincdebosc.com \u00a0 Sergi Roig Altes s\u2019ha comprom\u00e8s a fer accessibles el seu lloc web de conformitat amb els criteris d\u2019accessibilitat del Programa Kit Digital, conforme als annexos de la norma UNE-EN 301 549:2022. La present declaraci\u00f3 d\u2019accessibilitat s\u2019aplica al lloc web vincdebosc.com\u00a0(els subdominis d\u2019aquest lloc web tindran les seves pr\u00f2pies declaracions d\u2019accessibilitat). \u00a0 Situaci\u00f3 de compliment Aquest lloc \u00e9s parcialment conforme estant els aspectes d\u2019accessibilitat amb els que es conforma la present web. \u00a0 Contingut no accessible En canvi, el contingut dels punts que es recullen a continuaci\u00f3 no s\u00f3n accessibles pels seg\u00fcents motius: \u00a0 9.1.1.1 Contingut...\" \/>\n<meta property=\"og:url\" content=\"https:\/\/vincdebosc.com\/es\/declaracio-accessibilitat\/\" \/>\n<meta property=\"og:site_name\" content=\"Vincdebosc\" \/>\n<meta property=\"article:modified_time\" content=\"2024-09-24T10:19:59+00:00\" \/>\n<meta property=\"og:image\" content=\"https:\/\/vincdebosc.com\/wp-content\/uploads\/2024\/09\/Frase_Vinc-de-Bosc.svg\" \/>\n<meta name=\"twitter:card\" content=\"summary_large_image\" \/>\n<meta name=\"twitter:label1\" content=\"Tiempo de lectura\" \/>\n\t<meta name=\"twitter:data1\" content=\"4 minutos\" \/>\n<script type=\"application\/ld+json\" class=\"yoast-schema-graph\">{\"@context\":\"https:\/\/schema.org\",\"@graph\":[{\"@type\":\"WebPage\",\"@id\":\"https:\/\/vincdebosc.com\/declaracio-accessibilitat\/\",\"url\":\"https:\/\/vincdebosc.com\/declaracio-accessibilitat\/\",\"name\":\"Pol\u00edtica d\u2019accessibilitat - Vincdebosc\",\"isPartOf\":{\"@id\":\"https:\/\/vincdebosc.com\/#website\"},\"primaryImageOfPage\":{\"@id\":\"https:\/\/vincdebosc.com\/declaracio-accessibilitat\/#primaryimage\"},\"image\":{\"@id\":\"https:\/\/vincdebosc.com\/declaracio-accessibilitat\/#primaryimage\"},\"thumbnailUrl\":\"https:\/\/vincdebosc.com\/wp-content\/uploads\/2024\/09\/Frase_Vinc-de-Bosc.svg\",\"datePublished\":\"2024-09-24T09:37:46+00:00\",\"dateModified\":\"2024-09-24T10:19:59+00:00\",\"breadcrumb\":{\"@id\":\"https:\/\/vincdebosc.com\/declaracio-accessibilitat\/#breadcrumb\"},\"inLanguage\":\"es\",\"potentialAction\":[{\"@type\":\"ReadAction\",\"target\":[\"https:\/\/vincdebosc.com\/declaracio-accessibilitat\/\"]}]},{\"@type\":\"ImageObject\",\"inLanguage\":\"es\",\"@id\":\"https:\/\/vincdebosc.com\/declaracio-accessibilitat\/#primaryimage\",\"url\":\"https:\/\/vincdebosc.com\/wp-content\/uploads\/2024\/09\/Frase_Vinc-de-Bosc.svg\",\"contentUrl\":\"https:\/\/vincdebosc.com\/wp-content\/uploads\/2024\/09\/Frase_Vinc-de-Bosc.svg\"},{\"@type\":\"BreadcrumbList\",\"@id\":\"https:\/\/vincdebosc.com\/declaracio-accessibilitat\/#breadcrumb\",\"itemListElement\":[{\"@type\":\"ListItem\",\"position\":1,\"name\":\"Inici\",\"item\":\"https:\/\/vincdebosc.com\/\"},{\"@type\":\"ListItem\",\"position\":2,\"name\":\"Pol\u00edtica d\u2019accessibilitat\"}]},{\"@type\":\"WebSite\",\"@id\":\"https:\/\/vincdebosc.com\/#website\",\"url\":\"https:\/\/vincdebosc.com\/\",\"name\":\"Vincdebosc\",\"description\":\"Juguem en gran\",\"publisher\":{\"@id\":\"https:\/\/vincdebosc.com\/#\/schema\/person\/5eff37ac46d4e0ea41773e02420dc449\"},\"potentialAction\":[{\"@type\":\"SearchAction\",\"target\":{\"@type\":\"EntryPoint\",\"urlTemplate\":\"https:\/\/vincdebosc.com\/?s={search_term_string}\"},\"query-input\":{\"@type\":\"PropertyValueSpecification\",\"valueRequired\":true,\"valueName\":\"search_term_string\"}}],\"inLanguage\":\"es\"},{\"@type\":[\"Person\",\"Organization\"],\"@id\":\"https:\/\/vincdebosc.com\/#\/schema\/person\/5eff37ac46d4e0ea41773e02420dc449\",\"name\":\"tgd\",\"image\":{\"@type\":\"ImageObject\",\"inLanguage\":\"es\",\"@id\":\"https:\/\/vincdebosc.com\/wp-content\/uploads\/2024\/09\/logo_p-color.svg\",\"url\":\"https:\/\/vincdebosc.com\/wp-content\/uploads\/2024\/09\/logo_p-color.svg\",\"contentUrl\":\"https:\/\/vincdebosc.com\/wp-content\/uploads\/2024\/09\/logo_p-color.svg\",\"width\":\"1024\",\"height\":\"1024\",\"caption\":\"tgd\"},\"logo\":{\"@id\":\"https:\/\/vincdebosc.com\/wp-content\/uploads\/2024\/09\/logo_p-color.svg\"},\"sameAs\":[\"http:\/\/vincdebosc.com\"]}]}<\/script>\n<!-- \/ Yoast SEO plugin. -->","yoast_head_json":{"title":"Pol\u00edtica d\u2019accessibilitat - Vincdebosc","robots":{"index":"index","follow":"follow","max-snippet":"max-snippet:-1","max-image-preview":"max-image-preview:large","max-video-preview":"max-video-preview:-1"},"canonical":"https:\/\/vincdebosc.com\/es\/declaracio-accessibilitat\/","og_locale":"es_ES","og_type":"article","og_title":"Pol\u00edtica d\u2019accessibilitat - Vincdebosc","og_description":"Declaraci\u00f3 d&#8217;Accessibilitat de vincdebosc.com \u00a0 Sergi Roig Altes s\u2019ha comprom\u00e8s a fer accessibles el seu lloc web de conformitat amb els criteris d\u2019accessibilitat del Programa Kit Digital, conforme als annexos de la norma UNE-EN 301 549:2022. La present declaraci\u00f3 d\u2019accessibilitat s\u2019aplica al lloc web vincdebosc.com\u00a0(els subdominis d\u2019aquest lloc web tindran les seves pr\u00f2pies declaracions d\u2019accessibilitat). \u00a0 Situaci\u00f3 de compliment Aquest lloc \u00e9s parcialment conforme estant els aspectes d\u2019accessibilitat amb els que es conforma la present web. \u00a0 Contingut no accessible En canvi, el contingut dels punts que es recullen a continuaci\u00f3 no s\u00f3n accessibles pels seg\u00fcents motius: \u00a0 9.1.1.1 Contingut...","og_url":"https:\/\/vincdebosc.com\/es\/declaracio-accessibilitat\/","og_site_name":"Vincdebosc","article_modified_time":"2024-09-24T10:19:59+00:00","og_image":[{"url":"https:\/\/vincdebosc.com\/wp-content\/uploads\/2024\/09\/Frase_Vinc-de-Bosc.svg","type":"","width":"","height":""}],"twitter_card":"summary_large_image","twitter_misc":{"Tiempo de lectura":"4 minutos"},"schema":{"@context":"https:\/\/schema.org","@graph":[{"@type":"WebPage","@id":"https:\/\/vincdebosc.com\/declaracio-accessibilitat\/","url":"https:\/\/vincdebosc.com\/declaracio-accessibilitat\/","name":"Pol\u00edtica d\u2019accessibilitat - Vincdebosc","isPartOf":{"@id":"https:\/\/vincdebosc.com\/#website"},"primaryImageOfPage":{"@id":"https:\/\/vincdebosc.com\/declaracio-accessibilitat\/#primaryimage"},"image":{"@id":"https:\/\/vincdebosc.com\/declaracio-accessibilitat\/#primaryimage"},"thumbnailUrl":"https:\/\/vincdebosc.com\/wp-content\/uploads\/2024\/09\/Frase_Vinc-de-Bosc.svg","datePublished":"2024-09-24T09:37:46+00:00","dateModified":"2024-09-24T10:19:59+00:00","breadcrumb":{"@id":"https:\/\/vincdebosc.com\/declaracio-accessibilitat\/#breadcrumb"},"inLanguage":"es","potentialAction":[{"@type":"ReadAction","target":["https:\/\/vincdebosc.com\/declaracio-accessibilitat\/"]}]},{"@type":"ImageObject","inLanguage":"es","@id":"https:\/\/vincdebosc.com\/declaracio-accessibilitat\/#primaryimage","url":"https:\/\/vincdebosc.com\/wp-content\/uploads\/2024\/09\/Frase_Vinc-de-Bosc.svg","contentUrl":"https:\/\/vincdebosc.com\/wp-content\/uploads\/2024\/09\/Frase_Vinc-de-Bosc.svg"},{"@type":"BreadcrumbList","@id":"https:\/\/vincdebosc.com\/declaracio-accessibilitat\/#breadcrumb","itemListElement":[{"@type":"ListItem","position":1,"name":"Inici","item":"https:\/\/vincdebosc.com\/"},{"@type":"ListItem","position":2,"name":"Pol\u00edtica d\u2019accessibilitat"}]},{"@type":"WebSite","@id":"https:\/\/vincdebosc.com\/#website","url":"https:\/\/vincdebosc.com\/","name":"VINCDEBOSC","description":"Jugamos en grande","publisher":{"@id":"https:\/\/vincdebosc.com\/#\/schema\/person\/5eff37ac46d4e0ea41773e02420dc449"},"potentialAction":[{"@type":"SearchAction","target":{"@type":"EntryPoint","urlTemplate":"https:\/\/vincdebosc.com\/?s={search_term_string}"},"query-input":{"@type":"PropertyValueSpecification","valueRequired":true,"valueName":"search_term_string"}}],"inLanguage":"es"},{"@type":["Person","Organization"],"@id":"https:\/\/vincdebosc.com\/#\/schema\/person\/5eff37ac46d4e0ea41773e02420dc449","name":"tgd","image":{"@type":"ImageObject","inLanguage":"es","@id":"https:\/\/vincdebosc.com\/wp-content\/uploads\/2024\/09\/logo_p-color.svg","url":"https:\/\/vincdebosc.com\/wp-content\/uploads\/2024\/09\/logo_p-color.svg","contentUrl":"https:\/\/vincdebosc.com\/wp-content\/uploads\/2024\/09\/logo_p-color.svg","width":"1024","height":"1024","caption":"tgd"},"logo":{"@id":"https:\/\/vincdebosc.com\/wp-content\/uploads\/2024\/09\/logo_p-color.svg"},"sameAs":["http:\/\/vincdebosc.com"]}]}},"_links":{"self":[{"href":"https:\/\/vincdebosc.com\/es\/wp-json\/wp\/v2\/pages\/1035","targetHints":{"allow":["GET"]}}],"collection":[{"href":"https:\/\/vincdebosc.com\/es\/wp-json\/wp\/v2\/pages"}],"about":[{"href":"https:\/\/vincdebosc.com\/es\/wp-json\/wp\/v2\/types\/page"}],"author":[{"embeddable":true,"href":"https:\/\/vincdebosc.com\/es\/wp-json\/wp\/v2\/users\/1"}],"replies":[{"embeddable":true,"href":"https:\/\/vincdebosc.com\/es\/wp-json\/wp\/v2\/comments?post=1035"}],"version-history":[{"count":0,"href":"https:\/\/vincdebosc.com\/es\/wp-json\/wp\/v2\/pages\/1035\/revisions"}],"wp:attachment":[{"href":"https:\/\/vincdebosc.com\/es\/wp-json\/wp\/v2\/media?parent=1035"}],"curies":[{"name":"wp","href":"https:\/\/api.w.org\/{rel}","templated":true}]}}